{"id":1038,"date":"2024-03-12T14:29:16","date_gmt":"2024-03-12T14:29:16","guid":{"rendered":"https:\/\/klimawelt.webmind.de\/cms\/?page_id=1038"},"modified":"2024-03-12T14:45:55","modified_gmt":"2024-03-12T14:45:55","slug":"vortraege","status":"publish","type":"page","link":"https:\/\/klimawelt.webmind.de\/cms\/vortraege\/","title":{"rendered":"Vortr\u00e4ge"},"content":{"rendered":"<section class=\"l-section wpb_row height_medium color_primary with_video\"><div id=\"us_bg_video_zaf6\" class=\"l-section-video\"><script>!function(w){var node = document.getElementById( 'us_bg_video_zaf6' );if ( w.innerWidth <= 600 ) { node.remove() }}(window);<\/script><style>@media(max-width:600px){#us_bg_video_zaf6{display:none!important}}<\/style><video  autoplay loop muted playsinline preload=\"auto\"><source type=\"video\/mp4\" src=\"https:\/\/klimawelt.webmind.de\/cms\/wp-content\/uploads\/klimwelt_video5_1080p.mp4\" \/><\/video><\/div><div class=\"l-section-h i-cf\"><div class=\"g-cols vc_row via_flex valign_top type_default stacking_default\"><div class=\"vc_col-sm-12 wpb_column vc_column_container\"><div class=\"vc_column-inner\"><div class=\"wpb_wrapper\"><div class=\"wpb_text_column\"><div class=\"wpb_wrapper\"><h1 style=\"text-align: center;\">Vortr\u00e4ge<\/h1>\n<\/div><\/div><\/div><\/div><\/div><\/div><\/div><\/section><section class=\"l-section wpb_row height_medium\"><div class=\"l-section-h i-cf\"><div class=\"g-cols vc_row via_flex valign_top type_default stacking_default\"><div class=\"vc_col-sm-6 wpb_column vc_column_container\"><div class=\"vc_column-inner\"><div class=\"wpb_wrapper\"><div class=\"wpb_text_column\"><div class=\"wpb_wrapper\"><h3 class=\"\">WISSENSTRANSFER<\/h3>\n<h2 class=\" \">Neue Wege zum Klimaschutz<\/h2>\n<p>Unter dem Titel\u00a0<strong>\u201eNeue Wege zum Klimaschutz\u201c<\/strong>\u00a0bieten wir Vortr\u00e4ge f\u00fcr Schulen, Vereine, Parteien, Unternehmen, \u00f6ffentliche Einrichtungen und sonstige interessierte Personenkreise.<\/p>\n<ul>\n<li><strong>Hintergr\u00fcnde Klimawandel und Treibhausgasemissionen<\/strong><\/li>\n<li><strong>Konsum als entscheidender Hebel<\/strong><\/li>\n<li><strong>Handlungsm\u00f6glichkeiten des Einzelnen<\/strong><\/li>\n<\/ul>\n<p>Bisherige Stationen (Auszug): Johannes-Heidenhain Gymnasium Traunreut, Bund Naturschutz, Ortsgruppe Seeon-Seebruck-Truchtlaching, CSU Ortsgruppe Nu\u00dfdorf im Chiemgau, Gymnasium M\u00fchldorf, Lions Club Schloss Wildthurn in Niederbayern<\/p>\n<\/div><\/div><\/div><\/div><\/div><div class=\"vc_col-sm-6 wpb_column vc_column_container\"><div class=\"vc_column-inner\"><div class=\"wpb_wrapper\"><div class=\"w-image align_none\"><div class=\"w-image-h\"><img decoding=\"async\" width=\"800\" height=\"843\" src=\"https:\/\/klimawelt.webmind.de\/cms\/wp-content\/uploads\/vortrag.jpg\" class=\"attachment-large size-large\" alt=\"\" loading=\"lazy\" srcset=\"https:\/\/klimawelt.webmind.de\/cms\/wp-content\/uploads\/vortrag.jpg 800w, https:\/\/klimawelt.webmind.de\/cms\/wp-content\/uploads\/vortrag-285x300.jpg 285w\" sizes=\"auto, (max-width: 800px) 100vw, 800px\" \/><\/div><\/div><\/div><\/div><\/div><\/div><\/div><\/section><section class=\"l-section wpb_row height_medium\"><div class=\"l-section-h i-cf\"><div class=\"g-cols vc_row via_flex valign_top type_default stacking_default\"><div class=\"vc_col-sm-4 wpb_column vc_column_container\"><div class=\"vc_column-inner type_sticky\"><div class=\"wpb_wrapper\" style=\"top:6rem\"><div class=\"wpb_text_column\"><div class=\"wpb_wrapper\"><h2>Jetzt Terminanfrage f\u00fcr einen Vortrag stellen<\/h2>\n<\/div><\/div><\/div><\/div><\/div><div class=\"vc_col-sm-8 wpb_column vc_column_container has_bg_color\"><div class=\"vc_column-inner us_custom_c70c97eb\"><div class=\"wpb_wrapper\"><div class=\"wpforms-container wpforms-container-full wpforms-render-modern\" id=\"wpforms-1046\"><form id=\"wpforms-form-1046\" class=\"wpforms-validate wpforms-form\" data-formid=\"1046\" method=\"post\" enctype=\"multipart\/form-data\" action=\"\/cms\/wp-json\/wp\/v2\/pages\/1038\" data-token=\"1508b075f248f864648bf6c59e5138ca\"><noscript class=\"wpforms-error-noscript\">Bitte aktiviere JavaScript in deinem Browser, um dieses Formular fertigzustellen.<\/noscript><div class=\"wpforms-hidden\" id=\"wpforms-error-noscript\">Bitte aktiviere JavaScript in deinem Browser, um dieses Formular fertigzustellen.<\/div><div class=\"wpforms-field-container\"><div id=\"wpforms-1046-field_4-container\" class=\"wpforms-field wpforms-field-text wpforms-one-half wpforms-first\" data-field-id=\"4\"><label class=\"wpforms-field-label\" for=\"wpforms-1046-field_4\">Firma \/ Verein \/ Schule<\/label><input type=\"text\" id=\"wpforms-1046-field_4\" class=\"wpforms-field-large\" name=\"wpforms[fields][4]\" aria-errormessage=\"wpforms-1046-field_4-error\" ><\/div><div id=\"wpforms-1046-field_8-container\" class=\"wpforms-field wpforms-field-text wpforms-one-half wpforms-first\" data-field-id=\"8\"><label class=\"wpforms-field-label\" for=\"wpforms-1046-field_8\">Name, Vorname <span class=\"wpforms-required-label\" aria-hidden=\"true\">*<\/span><\/label><input type=\"text\" id=\"wpforms-1046-field_8\" class=\"wpforms-field-large wpforms-field-required\" name=\"wpforms[fields][8]\" aria-errormessage=\"wpforms-1046-field_8-error\" required><\/div><div id=\"wpforms-1046-field_1-container\" class=\"wpforms-field wpforms-field-email wpforms-one-half\" data-field-id=\"1\"><label class=\"wpforms-field-label\" for=\"wpforms-1046-field_1\">E-Mail <span class=\"wpforms-required-label\" aria-hidden=\"true\">*<\/span><\/label><input type=\"email\" id=\"wpforms-1046-field_1\" class=\"wpforms-field-large wpforms-field-required\" name=\"wpforms[fields][1]\" spellcheck=\"false\" aria-errormessage=\"wpforms-1046-field_1-error\" required><\/div><div id=\"wpforms-1046-field_9-container\" class=\"wpforms-field wpforms-field-text wpforms-one-half wpforms-first\" data-field-id=\"9\"><label class=\"wpforms-field-label\" for=\"wpforms-1046-field_9\">Veranstaltungsort <span class=\"wpforms-required-label\" aria-hidden=\"true\">*<\/span><\/label><input type=\"text\" id=\"wpforms-1046-field_9\" class=\"wpforms-field-large wpforms-field-required\" name=\"wpforms[fields][9]\" aria-errormessage=\"wpforms-1046-field_9-error\" required><\/div><div id=\"wpforms-1046-field_10-container\" class=\"wpforms-field wpforms-field-text wpforms-one-half\" data-field-id=\"10\"><label class=\"wpforms-field-label\" for=\"wpforms-1046-field_10\">Geplanter Termin \/ Terminwunsch<\/label><input type=\"text\" id=\"wpforms-1046-field_10\" class=\"wpforms-field-large\" name=\"wpforms[fields][10]\" aria-errormessage=\"wpforms-1046-field_10-error\" ><\/div><div id=\"wpforms-1046-field_11-container\" class=\"wpforms-field wpforms-field-text\" data-field-id=\"11\"><label class=\"wpforms-field-label\" for=\"wpforms-1046-field_11\">Zielgruppe<\/label><input type=\"text\" id=\"wpforms-1046-field_11\" class=\"wpforms-field-large\" name=\"wpforms[fields][11]\" aria-errormessage=\"wpforms-1046-field_11-error\" ><\/div><div id=\"wpforms-1046-field_2-container\" class=\"wpforms-field wpforms-field-textarea\" data-field-id=\"2\"><label class=\"wpforms-field-label\" for=\"wpforms-1046-field_2\">Bemerkung<\/label><textarea id=\"wpforms-1046-field_2\" class=\"wpforms-field-medium\" name=\"wpforms[fields][2]\" aria-errormessage=\"wpforms-1046-field_2-error\" ><\/textarea><\/div><\/div><!-- .wpforms-field-container --><div class=\"wpforms-field wpforms-field-hp\"><label for=\"wpforms-1046-field-hp\" class=\"wpforms-field-label\">Website<\/label><input type=\"text\" name=\"wpforms[hp]\" id=\"wpforms-1046-field-hp\" class=\"wpforms-field-medium\"><\/div><div class=\"wpforms-submit-container\" ><input type=\"hidden\" name=\"wpforms[id]\" value=\"1046\"><input type=\"hidden\" name=\"wpforms[author]\" value=\"3\"><button type=\"submit\" name=\"wpforms[submit]\" id=\"wpforms-submit-1046\" class=\"wpforms-submit\" data-alt-text=\"Senden...\" data-submit-text=\"An das KlimaWelt Team senden\" aria-live=\"assertive\" value=\"wpforms-submit\">An das KlimaWelt Team senden<\/button><\/div><\/form><\/div>  <!-- .wpforms-container --><\/div><\/div><\/div><\/div><\/div><\/section>\n","protected":false},"excerpt":{"rendered":"Vortr\u00e4ge WISSENSTRANSFER Neue Wege zum Klimaschutz Unter dem Titel\u00a0\u201eNeue Wege zum Klimaschutz\u201c\u00a0bieten wir Vortr\u00e4ge f\u00fcr Schulen, Vereine, Parteien, Unternehmen, \u00f6ffentliche Einrichtungen und sonstige interessierte Personenkreise. Hintergr\u00fcnde Klimawandel und Treibhausgasemissionen Konsum als entscheidender Hebel Handlungsm\u00f6glichkeiten des Einzelnen Bisherige Stationen (Auszug): Johannes-Heidenhain Gymnasium Traunreut, Bund Naturschutz, Ortsgruppe Seeon-Seebruck-Truchtlaching, CSU Ortsgruppe Nu\u00dfdorf im Chiemgau, Gymnasium M\u00fchldorf, Lions Club...","protected":false},"author":3,"featured_media":0,"parent":0,"menu_order":0,"comment_status":"closed","ping_status":"closed","template":"","meta":{"_acf_changed":false,"footnotes":""},"class_list":["post-1038","page","type-page","status-publish","hentry"],"acf":[],"_links":{"self":[{"href":"https:\/\/klimawelt.webmind.de\/cms\/wp-json\/wp\/v2\/pages\/1038","targetHints":{"allow":["GET"]}}],"collection":[{"href":"https:\/\/klimawelt.webmind.de\/cms\/wp-json\/wp\/v2\/pages"}],"about":[{"href":"https:\/\/klimawelt.webmind.de\/cms\/wp-json\/wp\/v2\/types\/page"}],"author":[{"embeddable":true,"href":"https:\/\/klimawelt.webmind.de\/cms\/wp-json\/wp\/v2\/users\/3"}],"replies":[{"embeddable":true,"href":"https:\/\/klimawelt.webmind.de\/cms\/wp-json\/wp\/v2\/comments?post=1038"}],"version-history":[{"count":8,"href":"https:\/\/klimawelt.webmind.de\/cms\/wp-json\/wp\/v2\/pages\/1038\/revisions"}],"predecessor-version":[{"id":1058,"href":"https:\/\/klimawelt.webmind.de\/cms\/wp-json\/wp\/v2\/pages\/1038\/revisions\/1058"}],"wp:attachment":[{"href":"https:\/\/klimawelt.webmind.de\/cms\/wp-json\/wp\/v2\/media?parent=1038"}],"curies":[{"name":"wp","href":"https:\/\/api.w.org\/{rel}","templated":true}]}}