{"id":145,"date":"2020-07-21T16:01:29","date_gmt":"2020-07-21T16:01:29","guid":{"rendered":"http:\/\/impreza21.us-themes.com\/?page_id=145"},"modified":"2024-04-03T17:14:38","modified_gmt":"2024-04-03T17:14:38","slug":"kommunen","status":"publish","type":"page","link":"https:\/\/klimawelt.webmind.de\/cms\/kommunen\/","title":{"rendered":"Kommunen"},"content":{"rendered":"<section class=\"l-section wpb_row height_medium color_primary with_video\"><div id=\"us_bg_video_q744\" class=\"l-section-video\"><script>!function(w){var node = document.getElementById( 'us_bg_video_q744' );if ( w.innerWidth <= 600 ) { node.remove() }}(window);<\/script><style>@media(max-width:600px){#us_bg_video_q744{display:none!important}}<\/style><video  autoplay loop muted playsinline preload=\"auto\"><source type=\"video\/mp4\" src=\"https:\/\/klimawelt.webmind.de\/cms\/wp-content\/uploads\/2024\/02\/river1.mp4\" \/><\/video><\/div><div class=\"l-section-h i-cf\"><div class=\"g-cols vc_row via_flex valign_top type_default stacking_default\"><div class=\"vc_col-sm-12 wpb_column vc_column_container\"><div class=\"vc_column-inner\"><div class=\"wpb_wrapper\"><div class=\"wpb_text_column\"><div class=\"wpb_wrapper\"><h1 style=\"text-align: center;\">Kommunen<\/h1>\n<\/div><\/div><\/div><\/div><\/div><\/div><\/div><\/section><section class=\"l-section wpb_row height_medium\"><div class=\"l-section-h i-cf\"><div class=\"g-cols vc_row via_flex valign_top type_default stacking_default\"><div class=\"vc_col-sm-12 wpb_column vc_column_container\"><div class=\"vc_column-inner\"><div class=\"wpb_wrapper\"><div class=\"wpb_text_column\"><div class=\"wpb_wrapper\"><p>Mit unserem Angebot f\u00fcr Kommunen wird <strong>Klimaschutz zum Gemeinschaftsprojekt<\/strong>. Ein individuell f\u00fcr Ihre Kommune erstelltes <strong>Infoboard<\/strong> zeigt den aktuellen <strong>CO2-Status<\/strong>, entwickelte <strong>Ma\u00dfnahmen<\/strong> und verschiedenste <strong>Kennzahlen<\/strong>.<\/p>\n<p>Begleitend werden <strong>gemeinschaftlich und pragmatisch<\/strong> in f\u00fcnf <strong>Info- und Workshopterminen<\/strong> individuelle Klimaschutzma\u00dfnahmen mit <strong>B\u00fcrgerinnen und B\u00fcrger, Vereinen\/Verb\u00e4nden, Unternehmen, Schulen<\/strong> und anderen \u00f6rtlichen Akteuren\u00a0 entwickelt.<\/p>\n<\/div><\/div><\/div><\/div><\/div><\/div><\/div><\/section><section class=\"l-section wpb_row height_medium\"><div class=\"l-section-h i-cf\"><div class=\"g-cols vc_row via_flex valign_top type_default stacking_default\"><div class=\"vc_col-sm-12 wpb_column vc_column_container\"><div class=\"vc_column-inner\"><div class=\"wpb_wrapper\"><div class=\"w-hwrapper valign_middle stack_on_mobiles align_justify\" style=\"--hwrapper-gap:0.5rem\"><form class=\"w-filter state_desktop layout_hor items_1 style_drop_default align_none show_on_click hide_item_title\" action onsubmit=\"return false;\" onclick='return {&quot;filterPrefix&quot;:&quot;filter&quot;,&quot;hideDisabledValues&quot;:false,&quot;layout&quot;:&quot;hor&quot;,&quot;mobileWidth&quot;:600,&quot;use_grid&quot;:&quot;first&quot;,&quot;gridNotFoundMessage&quot;:&quot;Nothing to filter. Add a suitable Grid to this page.&quot;}'><div class=\"w-filter-list\"><div class=\"w-filter-list-title\">Filter<\/div><button class=\"w-filter-list-closer\" title=\"Schlie\u00dfen\" aria=label=\"Schlie\u00dfen\"><\/button><div class=\"w-filter-item\" data-source=\"tax|bundesland\" data-ui_type=\"radio\"><button class=\"w-filter-item-title\">Bundesland<span><\/span><\/button><a class=\"w-filter-item-reset\" href=\"#\" title=\"Zur\u00fccksetzen\"><span>Zur\u00fccksetzen<\/span><\/a><div class=\"w-filter-item-values\" data-maxheight=\"40vh\" style=\"max-height:40vh\"><div class=\"w-filter-item-value\" data-item-amount=\"1\"><label><input type=\"radio\" value=\"bayern\" name=\"filter_bundesland\"><span class=\"w-filter-item-value-label\">Bayern<\/span><\/label><\/div><\/div><\/div><\/div><div class=\"w-filter-list-panel\"><button class=\"w-btn us-btn-style_1\"><span class=\"w-btn-label\">Anwenden<\/span><\/button><\/div><style>@media( max-width:600px ){.w-filter.state_desktop .w-filter-list,.w-filter-item-title>span{display:none}.w-filter-opener{display:inline-block}}<\/style><button class=\"w-filter-opener\"><span>Filter<\/span><\/button><div class=\"w-filter-json-filters-args hidden\" onclick='return {&quot;taxonomies_query_args&quot;:{&quot;tax|bundesland&quot;:{&quot;bayern&quot;:{&quot;fields&quot;:&quot;ids&quot;,&quot;nopaging&quot;:true,&quot;post_status&quot;:[&quot;publish&quot;,&quot;acf-disabled&quot;,&quot;inherit&quot;],&quot;post_type&quot;:[],&quot;posts_per_page&quot;:1,&quot;suppress_filters&quot;:true,&quot;tax_query&quot;:[{&quot;taxonomy&quot;:&quot;bundesland&quot;,&quot;field&quot;:&quot;slug&quot;,&quot;terms&quot;:&quot;bayern&quot;}]},&quot;hessen&quot;:{&quot;fields&quot;:&quot;ids&quot;,&quot;nopaging&quot;:true,&quot;post_status&quot;:[&quot;publish&quot;,&quot;acf-disabled&quot;,&quot;inherit&quot;],&quot;post_type&quot;:[],&quot;posts_per_page&quot;:1,&quot;suppress_filters&quot;:true,&quot;tax_query&quot;:[{&quot;taxonomy&quot;:&quot;bundesland&quot;,&quot;field&quot;:&quot;slug&quot;,&quot;terms&quot;:&quot;hessen&quot;}]},&quot;nordrhein-westfalen&quot;:{&quot;fields&quot;:&quot;ids&quot;,&quot;nopaging&quot;:true,&quot;post_status&quot;:[&quot;publish&quot;,&quot;acf-disabled&quot;,&quot;inherit&quot;],&quot;post_type&quot;:[],&quot;posts_per_page&quot;:1,&quot;suppress_filters&quot;:true,&quot;tax_query&quot;:[{&quot;taxonomy&quot;:&quot;bundesland&quot;,&quot;field&quot;:&quot;slug&quot;,&quot;terms&quot;:&quot;nordrhein-westfalen&quot;}]}}}}'><\/div><\/form><form class=\"w-order\" action method=\"post\" onsubmit=\"return false;\"><label for=\"us_grid_order_1\" class=\"w-order-label\">Sortieren nach<\/label><div class=\"w-order-select\"><select id=\"us_grid_order_1\" name=\"order\" aria-label=\"Reihenfolge\"><option value=\"\">Name<\/option><option value=\"einwohner,numeric\">Einwohnerzahl<\/option><option value=\"bilanz_pro_kopf,numeric,asc\">CO\u2082 Bilanz pro Kopf<\/option><option value=\"strom_aus_ee,numeric\">Strom aus Erneuerbare Energien<\/option><option value=\"warme_aus_ee,numeric\">W\u00e4rme aus Erneuerbare Energien<\/option><\/select><\/div><\/form><\/div><div class=\"w-separator size_small\"><\/div><div class=\"w-grid type_grid layout_784 cols_3 overflow_hidden\" id=\"us_grid_1\" style=\"--gap:0.5rem;\" data-filterable=\"true\"><style>@media (max-width:399px){#us_grid_1 .w-grid-list{margin:0}#us_grid_1 .w-grid-item{width:100%;padding:0;margin-bottom:var(--gap,0px)}}.layout_784 .w-grid-item-h{border-radius:0.2rem;box-shadow:0 0.04rem 0.08rem rgba(0,0,0,0.1),0 0.13rem 0.4rem rgba(0,0,0,0.1);transition-duration:0.3s}.no-touch .layout_784 .w-grid-item-h:hover{box-shadow:0 0.16rem 0.32rem rgba(0,0,0,0.1),0 0.53rem 1.6rem rgba(0,0,0,0.15);z-index:4}.layout_784 .usg_post_image_1{transition-duration:0.2s;transform-origin:50% 100%;transform:scale(1) translate(0%,0%)}.layout_784 .w-grid-item-h:hover .usg_post_image_1{transform:scale(1.05) translate(0%,0%);opacity:1}.layout_784 .usg_vwrapper_1{padding:1rem 1.5rem 1rem 1.5rem!important}.layout_784 .usg_hwrapper_1{font-size:0.9rem!important}.layout_784 .usg_hwrapper_2{color:var(--color-content-faded)!important;font-size:0.9rem!important;margin-top:0.5rem!important}.layout_784 .usg_post_custom_field_1{font-size:0.7rem!important;padding-left:0.5rem!important;padding-right:0.5rem!important;border-radius:0.3em!important;position:absolute!important;top:1rem!important;right:1rem!important;z-index:111!important;background:rgba(183,222,104,0.90)!important}<\/style><div class=\"w-grid-list\">\t<article class=\"w-grid-item size_1x1 post-1158 teilnehmer type-teilnehmer status-publish has-post-thumbnail hentry bundesland-bayern\" data-id=\"1158\">\r\n\t\t<div class=\"w-grid-item-h\">\r\n\t\t\t\t\t\t\t<a href=\"https:\/\/klimawelt.webmind.de\/cms\/teilnehmer\/steinhoering\/\" class=\"w-grid-item-anchor\" aria-label=\"Steinh\u00f6ring\"><\/a>\r\n\t\t\t\t\t\t<span class=\"w-post-elm post_custom_field usg_post_custom_field_1 type_text postleitzahl color_link_inherit has_border_radius\"><span class=\"w-post-elm-value\">85646<\/span><\/span><div class=\"w-post-elm post_image usg_post_image_1 has_ratio\"><div style=\"padding-bottom:56.25%\"><\/div><img loading=\"lazy\" decoding=\"async\" width=\"1024\" height=\"596\" src=\"https:\/\/klimawelt.webmind.de\/cms\/wp-content\/uploads\/steinhoering-luftbild-1024x596.jpg\" class=\"attachment-large size-large wp-post-image\" alt=\"\" srcset=\"https:\/\/klimawelt.webmind.de\/cms\/wp-content\/uploads\/steinhoering-luftbild-1024x596.jpg 1024w, https:\/\/klimawelt.webmind.de\/cms\/wp-content\/uploads\/steinhoering-luftbild-300x174.jpg 300w, https:\/\/klimawelt.webmind.de\/cms\/wp-content\/uploads\/steinhoering-luftbild.jpg 1900w\" sizes=\"auto, (max-width: 1024px) 100vw, 1024px\" \/><\/div><div class=\"w-vwrapper usg_vwrapper_1 align_left valign_top\" style=\"--vwrapper-gap:0.5rem\"><h4 class=\"w-post-elm post_title usg_post_title_1 entry-title color_link_inherit\"><a href=\"https:\/\/klimawelt.webmind.de\/cms\/teilnehmer\/steinhoering\/\">Steinh\u00f6ring<\/a><\/h4><div class=\"w-hwrapper usg_hwrapper_1 align_left valign_top\" style=\"--hwrapper-gap:0rem\"><span class=\"w-post-elm post_custom_field usg_post_custom_field_3 type_text bundesland color_link_inherit\"><span class=\"w-post-elm-value\">Bayern<\/span><\/span><span class=\"w-post-elm post_custom_field usg_post_custom_field_2 type_text land color_link_inherit\"><span class=\"w-post-elm-before\">, <\/span><span class=\"w-post-elm-value\">Deutschland<\/span><\/span><\/div><div class=\"w-hwrapper usg_hwrapper_2 has_text_color align_left valign_top wrap\"><div class=\"w-post-elm post_custom_field usg_post_custom_field_5 type_text einwohner_titel color_link_inherit\"><i class=\"fas fa-users\"><\/i><span class=\"w-post-elm-value\">4.087<\/span><\/div><div class=\"w-post-elm post_custom_field usg_post_custom_field_6 type_text strom_aus_ee_titel color_link_inherit\"><i class=\"fas fa-charging-station\"><\/i><span class=\"w-post-elm-value\">4012<\/span><span class=\"w-post-elm-after\"> MWh\/a<\/span><\/div><div class=\"w-post-elm post_custom_field usg_post_custom_field_7 type_text warme_aus_ee_titel color_link_inherit\"><i class=\"fas fa-fire-alt\"><\/i><span class=\"w-post-elm-value\">0<\/span><span class=\"w-post-elm-after\"> MWh\/a<\/span><\/div><div class=\"w-post-elm post_custom_field usg_post_custom_field_8 type_text bilanz_pro_kopf_titel color_link_inherit\"><i class=\"fas fa-user\"><\/i><span class=\"w-post-elm-value\">10,58<\/span><span class=\"w-post-elm-after\"> t CO\u2082\/a<\/span><\/div><\/div><\/div>\t\t<\/div>\r\n\t\t\t<\/article>\r\n<\/div><div class=\"w-grid-preloader\">\t<div class=\"g-preloader type_1\">\r\n\t\t<div><\/div>\r\n\t<\/div>\r\n\t<\/div>\t<div class=\"w-grid-json hidden\" onclick='return {&quot;action&quot;:&quot;us_ajax_grid&quot;,&quot;infinite_scroll&quot;:0,&quot;max_num_pages&quot;:1,&quot;pagination&quot;:&quot;none&quot;,&quot;template_vars&quot;:{&quot;columns&quot;:&quot;3&quot;,&quot;exclude_items&quot;:&quot;none&quot;,&quot;img_size&quot;:&quot;default&quot;,&quot;ignore_items_size&quot;:0,&quot;items_layout&quot;:&quot;784&quot;,&quot;items_offset&quot;:&quot;1&quot;,&quot;load_animation&quot;:&quot;none&quot;,&quot;overriding_link&quot;:&quot;%7B%22type%22%3A%22post%22%7D&quot;,&quot;post_id&quot;:0,&quot;query_args&quot;:{&quot;post_type&quot;:[&quot;teilnehmer&quot;],&quot;post_status&quot;:[&quot;publish&quot;,&quot;acf-disabled&quot;],&quot;posts_per_page&quot;:&quot;50&quot;},&quot;orderby_query_args&quot;:{&quot;meta_query&quot;:{&quot;_orderby_custom_&quot;:{&quot;relation&quot;:&quot;OR&quot;,&quot;0&quot;:{&quot;compare&quot;:&quot;EXISTS&quot;,&quot;key&quot;:&quot;bilanz_pro_kopf&quot;,&quot;type&quot;:&quot;DECIMAL(10,3)&quot;},&quot;1&quot;:{&quot;compare&quot;:&quot;NOT EXISTS&quot;,&quot;key&quot;:&quot;bilanz_pro_kopf&quot;,&quot;type&quot;:&quot;DECIMAL(10,3)&quot;}}},&quot;orderby&quot;:&quot;bilanz_pro_kopf&quot;,&quot;order&quot;:&quot;ASC&quot;},&quot;type&quot;:&quot;grid&quot;,&quot;us_grid_ajax_index&quot;:1,&quot;us_grid_filter_params&quot;:[],&quot;us_grid_index&quot;:1,&quot;_us_grid_post_type&quot;:&quot;teilnehmer&quot;,&quot;page_args&quot;:[]}}'><\/div>\r\n\t<\/div><\/div><\/div><\/div><\/div><\/div><\/section>\n","protected":false},"excerpt":{"rendered":"Klimaschutz-Bilanz A: B\u00fcrgerinnen und B\u00fcrger (Konsum privat) Treibhausgas-Emissionen j\u00e4hrlich [t CO2-\u00c4quiv.] Erl\u00e4uterungErl\u00e4uterungErl\u00e4uterung: CO2-Emissionen verursacht durch den pers\u00f6nlicher Konsum der B\u00fcrgerinnen und B\u00fcrger der Gemeinde in den Bereichen Wohnen, Mobilit\u00e4t, Ern\u00e4hrung, Kleidung &amp; K\u00f6rpferpflege sowie Freizeit &amp; Sonstiges (Startwert Hochrechnung auf Basis von Durchschnittswerten Einwohner Deutschland) Datenquelle: Start = Durchschnittswerte je Einwohner in Deutschland gem. App...","protected":false},"author":1,"featured_media":0,"parent":0,"menu_order":4,"comment_status":"closed","ping_status":"closed","template":"","meta":{"_acf_changed":false,"footnotes":""},"class_list":["post-145","page","type-page","status-publish","hentry"],"acf":[],"_links":{"self":[{"href":"https:\/\/klimawelt.webmind.de\/cms\/wp-json\/wp\/v2\/pages\/145","targetHints":{"allow":["GET"]}}],"collection":[{"href":"https:\/\/klimawelt.webmind.de\/cms\/wp-json\/wp\/v2\/pages"}],"about":[{"href":"https:\/\/klimawelt.webmind.de\/cms\/wp-json\/wp\/v2\/types\/page"}],"author":[{"embeddable":true,"href":"https:\/\/klimawelt.webmind.de\/cms\/wp-json\/wp\/v2\/users\/1"}],"replies":[{"embeddable":true,"href":"https:\/\/klimawelt.webmind.de\/cms\/wp-json\/wp\/v2\/comments?post=145"}],"version-history":[{"count":48,"href":"https:\/\/klimawelt.webmind.de\/cms\/wp-json\/wp\/v2\/pages\/145\/revisions"}],"predecessor-version":[{"id":1168,"href":"https:\/\/klimawelt.webmind.de\/cms\/wp-json\/wp\/v2\/pages\/145\/revisions\/1168"}],"wp:attachment":[{"href":"https:\/\/klimawelt.webmind.de\/cms\/wp-json\/wp\/v2\/media?parent=145"}],"curies":[{"name":"wp","href":"https:\/\/api.w.org\/{rel}","templated":true}]}}