{"id":655,"date":"2024-01-10T04:43:56","date_gmt":"2024-01-10T04:43:56","guid":{"rendered":"https:\/\/klimawelt.webmind.de\/cms\/?page_id=655"},"modified":"2024-04-03T17:18:16","modified_gmt":"2024-04-03T17:18:16","slug":"kontakt","status":"publish","type":"page","link":"https:\/\/klimawelt.webmind.de\/cms\/kontakt\/","title":{"rendered":"Kontakt"},"content":{"rendered":"<section class=\"l-section wpb_row height_medium color_primary with_img parallax_ver\"><div class=\"l-section-img\" role=\"img\" data-img-width=\"2560\" data-img-height=\"1707\" style=\"background-image: url(https:\/\/klimawelt.webmind.de\/cms\/wp-content\/uploads\/full-flowing-river-in-a-green-sunny-forest-2023-11-27-05-14-13-utc-scaled.jpg);background-position: top center;\"><\/div><div class=\"l-section-h i-cf\"><div class=\"g-cols vc_row via_flex valign_top type_default stacking_default\"><div class=\"vc_col-sm-12 wpb_column vc_column_container\"><div class=\"vc_column-inner\"><div class=\"wpb_wrapper\"><div class=\"wpb_text_column\"><div class=\"wpb_wrapper\"><h1 style=\"text-align: center;\">Kontakt<\/h1>\n<\/div><\/div><\/div><\/div><\/div><\/div><\/div><\/section><section class=\"l-section wpb_row height_medium\"><div class=\"l-section-h i-cf\"><div class=\"g-cols vc_row via_flex valign_top type_default stacking_default\" style=\"--additional-gap:10px;\"><div class=\"vc_col-sm-4 wpb_column vc_column_container\"><div class=\"vc_column-inner\"><div class=\"wpb_wrapper\"><div class=\"wpb_text_column\"><div class=\"wpb_wrapper\"><h3>Kontakt<\/h3>\n<\/div><\/div><div class=\"w-separator size_small\"><\/div><div class=\"w-iconbox iconpos_left style_circle color_primary align_left no_text\"><a href=\"tel:+49 8669 909452\" class=\"w-iconbox-link\" aria-label=\"+49 8669 909452\"><div class=\"w-iconbox-icon\" style=\"font-size:22px;\"><i class=\"far fa-phone\"><\/i><\/div><\/a><div class=\"w-iconbox-meta\"><a href=\"tel:+49 8669 909452\" class=\"w-iconbox-link\" aria-label=\"+49 8669 909452\"><div class=\"w-iconbox-title\">+49 8669 909452<\/div><\/a><\/div><\/div><div class=\"w-separator size_small\"><\/div><div class=\"w-iconbox iconpos_left style_circle color_primary align_left no_text\"><a href=\"mailto:klimawelt@360grad-mensch.org\" class=\"w-iconbox-link\" aria-label=\"klimawelt@360grad-mensch.org\"><div class=\"w-iconbox-icon\" style=\"font-size:22px;\"><i class=\"far fa-envelope\"><\/i><\/div><\/a><div class=\"w-iconbox-meta\"><a href=\"mailto:klimawelt@360grad-mensch.org\" class=\"w-iconbox-link\" aria-label=\"klimawelt@360grad-mensch.org\"><div class=\"w-iconbox-title\">klimawelt@360grad-mensch.org<\/div><\/a><\/div><\/div><\/div><\/div><\/div><div class=\"vc_col-sm-4 wpb_column vc_column_container\"><div class=\"vc_column-inner\"><div class=\"wpb_wrapper\"><div class=\"wpb_text_column\"><div class=\"wpb_wrapper\"><h3>Standorte<\/h3>\n<\/div><\/div><div class=\"w-separator size_small\"><\/div><div class=\"w-iconbox iconpos_left style_default color_primary align_left no_text\"><a target=\"_blank\" rel=\"nofollow\" href=\"https:\/\/goo.gl\/maps\/\" class=\"w-iconbox-link\" aria-label=\"Traunring 8, 83301 Traunreut\"><div class=\"w-iconbox-icon\" style=\"font-size:22px;\"><i class=\"far fa-map-marker-alt\"><\/i><\/div><\/a><div class=\"w-iconbox-meta\"><a target=\"_blank\" rel=\"nofollow\" href=\"https:\/\/goo.gl\/maps\/\" class=\"w-iconbox-link\" aria-label=\"Traunring 8, 83301 Traunreut\"><div class=\"w-iconbox-title\" style=\"font-size:16px;\">Traunring 8, 83301 Traunreut<\/div><\/a><\/div><\/div><\/div><\/div><\/div><div class=\"vc_col-sm-4 wpb_column vc_column_container\"><div class=\"vc_column-inner\"><div class=\"wpb_wrapper\"><div class=\"wpb_text_column\"><div class=\"wpb_wrapper\"><h3>\u00d6ffnungszeiten:<\/h3>\n<\/div><\/div><div class=\"w-separator size_small\"><\/div><div class=\"wpb_text_column\"><div class=\"wpb_wrapper\"><p>Montag 08:00 &#8211; 13:00 Uhr<br \/>\nDienstag 08:00 &#8211; 13:00 Uhr<br \/>\nMittwoch 08:00 &#8211; 13:00 Uhr<br \/>\nDonnerstag 08:00 &#8211; 13:00 Uhr<br \/>\nFreitag 08:00 &#8211; 13:00 Uhr<\/p>\n<\/div><\/div><\/div><\/div><\/div><\/div><\/div><\/section><section class=\"l-section wpb_row us_custom_5372a688 height_small\"><div class=\"l-section-h i-cf\"><div class=\"g-cols vc_row via_flex valign_top type_default stacking_default\"><div class=\"vc_col-sm-12 wpb_column vc_column_container\"><div class=\"vc_column-inner\"><div class=\"wpb_wrapper\"><div class=\"wpb_text_column\"><div class=\"wpb_wrapper\"><h3>Kontaktformular<\/h3>\n<\/div><\/div><form class=\"w-form  layout_ver for_cform us_form_1\" autocomplete=\"off\" action=\"https:\/\/klimawelt.webmind.de\/cms\/cms\/wp-json\/wp\/v2\/pages\/655\" method=\"post\"><div class=\"w-form-h\"><div class=\"w-form-row for_text required\">\r\n\t\t<div class=\"w-form-row-field\">\r\n\t\t\t\t\t\t<input aria-label=\"Ihr Name\" type=\"text\" name=\"us_form_1_text_1\" value placeholder=\"Ihr Name *\" data-required=\"true\" aria-required=\"true\"\/>\r\n\t\t\t<\/div>\r\n\t\t<div class=\"w-form-row-state\">Bitte f\u00fcllen Sie dieses Feld aus.<\/div>\r\n<\/div>\r\n<div class=\"w-form-row for_email required\">\r\n\t\t<div class=\"w-form-row-field\">\r\n\t\t\t\t\t\t<input aria-label=\"Ihre E-Mail-Adresse\" type=\"email\" name=\"us_form_1_email_1\" value placeholder=\"Ihre E-Mail-Adresse *\" data-required=\"true\" aria-required=\"true\"\/>\r\n\t\t\t<\/div>\r\n\t\t<div class=\"w-form-row-state\">Bitte gib eine g\u00fcltige E-Mail-Adresse ein.<\/div>\r\n<\/div>\r\n<div class=\"w-form-row for_textarea required\">\r\n\t\t<div class=\"w-form-row-field\">\r\n\t\t\t\t\t\t<textarea aria-label=\"Bitte schreiben Sie hier Ihre Nachricht\" name=\"us_form_1_textarea_1\" placeholder=\"Bitte schreiben Sie hier Ihre Nachricht *\" data-required=\"true\" aria-required=\"true\"><\/textarea>\r\n\t\t\t<\/div>\r\n\t\t<div class=\"w-form-row-state\">Bitte f\u00fcllen Sie dieses Feld aus.<\/div>\r\n<\/div>\r\n<input type=\"hidden\" name=\"action\" value=\"us_ajax_cform\" \/>\r\n<input type=\"hidden\" name=\"post_id\" value=\"0\" \/>\r\n<input type=\"hidden\" name=\"form_index\" value=\"1\" \/>\r\n<div class=\"w-form-row for_submit align_none\">\r\n\t<button class=\"w-btn icon_atleft us-btn-style_1\" aria-label=\"Absenden\" type=\"submit\" style=\"font-size:1.2rem;\">\r\n\t\t<span class=\"g-preloader type_1\"><\/span>\r\n\t\t<i class=\"fas fa-envelope\"><\/i>\t\t<span class=\"w-btn-label\">Absenden<\/span>\r\n\t\t\t<\/button>\r\n\t<\/div>\r\n<\/div><div class=\"w-form-message\"><\/div><div class=\"w-form-json hidden\" onclick='return {&quot;ajaxurl&quot;:&quot;https:\\\/\\\/klimawelt.webmind.de\\\/cms\\\/wp-admin\\\/admin-ajax.php&quot;,&quot;messages&quot;:{&quot;err_empty&quot;:&quot;Bitte f\\u00fcllen Sie dieses Feld aus.&quot;,&quot;err_size&quot;:&quot;Die Dateigr\\u00f6\\u00dfe darf %s MB nicht \\u00fcberschreiten&quot;,&quot;err_extension&quot;:&quot;Dateityp %s ist nicht zul\\u00e4ssig&quot;}}'><\/div><\/form><\/div><\/div><\/div><\/div><\/div><\/section>\n","protected":false},"excerpt":{"rendered":"Kontakt Kontakt +49 8669 909452klimawelt@360grad-mensch.orgStandorte Traunring 8, 83301 Traunreut\u00d6ffnungszeiten: Montag 08:00 &#8211; 13:00 Uhr Dienstag 08:00 &#8211; 13:00 Uhr Mittwoch 08:00 &#8211; 13:00 Uhr Donnerstag 08:00 &#8211; 13:00 Uhr Freitag 08:00 &#8211; 13:00 Uhr Kontaktformular Bitte f\u00fcllen Sie dieses Feld aus. Bitte gib eine g\u00fcltige E-Mail-Adresse ein. Bitte f\u00fcllen Sie dieses Feld aus. Absenden","protected":false},"author":1,"featured_media":0,"parent":0,"menu_order":5,"comment_status":"closed","ping_status":"closed","template":"","meta":{"_acf_changed":false,"footnotes":""},"class_list":["post-655","page","type-page","status-publish","hentry"],"acf":[],"_links":{"self":[{"href":"https:\/\/klimawelt.webmind.de\/cms\/wp-json\/wp\/v2\/pages\/655","targetHints":{"allow":["GET"]}}],"collection":[{"href":"https:\/\/klimawelt.webmind.de\/cms\/wp-json\/wp\/v2\/pages"}],"about":[{"href":"https:\/\/klimawelt.webmind.de\/cms\/wp-json\/wp\/v2\/types\/page"}],"author":[{"embeddable":true,"href":"https:\/\/klimawelt.webmind.de\/cms\/wp-json\/wp\/v2\/users\/1"}],"replies":[{"embeddable":true,"href":"https:\/\/klimawelt.webmind.de\/cms\/wp-json\/wp\/v2\/comments?post=655"}],"version-history":[{"count":19,"href":"https:\/\/klimawelt.webmind.de\/cms\/wp-json\/wp\/v2\/pages\/655\/revisions"}],"predecessor-version":[{"id":1171,"href":"https:\/\/klimawelt.webmind.de\/cms\/wp-json\/wp\/v2\/pages\/655\/revisions\/1171"}],"wp:attachment":[{"href":"https:\/\/klimawelt.webmind.de\/cms\/wp-json\/wp\/v2\/media?parent=655"}],"curies":[{"name":"wp","href":"https:\/\/api.w.org\/{rel}","templated":true}]}}